{"id":2,"date":"2023-11-30T15:26:18","date_gmt":"2023-11-30T18:26:18","guid":{"rendered":"http:\/\/oklire.com.br\/?page_id=2"},"modified":"2023-12-01T17:30:56","modified_gmt":"2023-12-01T20:30:56","slug":"pagina-exemplo","status":"publish","type":"page","link":"https:\/\/oklire.com.br\/?page_id=2","title":{"rendered":"Contato"},"content":{"rendered":"\n<p>Bem-vindo ao nosso portal digital, onde a inova\u00e7\u00e3o encontra a excel\u00eancia em solu\u00e7\u00f5es de TI. Navegue por nossa plataforma e descubra como oferecemos o que h\u00e1 de mais avan\u00e7ado em tecnologia para impulsionar o sucesso de sua empresa. Da consultoria estrat\u00e9gica \u00e0 implementa\u00e7\u00e3o eficiente, estamos aqui para catalisar a transforma\u00e7\u00e3o digital do seu neg\u00f3cio, entregando solu\u00e7\u00f5es personalizadas e resultados duradouros.<\/p>\n\n\n\n<blockquote class=\"wp-block-quote is-layout-flow wp-block-quote-is-layout-flow\">\n<p>contato@oklire.com.br<\/p>\n<\/blockquote>\n\n\n\n<p><\/p>\n","protected":false},"excerpt":{"rendered":"<p>Bem-vindo ao nosso portal digital, onde a inova\u00e7\u00e3o encontra a excel\u00eancia em solu\u00e7\u00f5es de TI. Navegue por nossa plataforma e descubra como oferecemos o que h\u00e1 de mais avan\u00e7ado em tecnologia para impulsionar o sucesso de sua empresa. Da consultoria estrat\u00e9gica \u00e0 implementa\u00e7\u00e3o eficiente, estamos aqui para catalisar a transforma\u00e7\u00e3o digital do seu neg\u00f3cio, entregando [&hellip;]<\/p>\n","protected":false},"author":1,"featured_media":0,"parent":0,"menu_order":0,"comment_status":"closed","ping_status":"open","template":"","meta":{"om_disable_all_campaigns":false,"_monsterinsights_skip_tracking":false,"_monsterinsights_sitenote_active":false,"_monsterinsights_sitenote_note":"","_monsterinsights_sitenote_category":0,"footnotes":""},"class_list":["post-2","page","type-page","status-publish","hentry"],"aioseo_notices":[],"_links":{"self":[{"href":"https:\/\/oklire.com.br\/index.php?rest_route=\/wp\/v2\/pages\/2","targetHints":{"allow":["GET"]}}],"collection":[{"href":"https:\/\/oklire.com.br\/index.php?rest_route=\/wp\/v2\/pages"}],"about":[{"href":"https:\/\/oklire.com.br\/index.php?rest_route=\/wp\/v2\/types\/page"}],"author":[{"embeddable":true,"href":"https:\/\/oklire.com.br\/index.php?rest_route=\/wp\/v2\/users\/1"}],"replies":[{"embeddable":true,"href":"https:\/\/oklire.com.br\/index.php?rest_route=%2Fwp%2Fv2%2Fcomments&post=2"}],"version-history":[{"count":1,"href":"https:\/\/oklire.com.br\/index.php?rest_route=\/wp\/v2\/pages\/2\/revisions"}],"predecessor-version":[{"id":17,"href":"https:\/\/oklire.com.br\/index.php?rest_route=\/wp\/v2\/pages\/2\/revisions\/17"}],"wp:attachment":[{"href":"https:\/\/oklire.com.br\/index.php?rest_route=%2Fwp%2Fv2%2Fmedia&parent=2"}],"curies":[{"name":"wp","href":"https:\/\/api.w.org\/{rel}","templated":true}]}}